{"id":11969,"date":"2019-02-21T04:32:04","date_gmt":"2019-02-21T07:32:04","guid":{"rendered":"https:\/\/cassianacastro.com.br\/termos-de-uso\/"},"modified":"2019-10-01T00:17:15","modified_gmt":"2019-10-01T03:17:15","slug":"terminos-de-uso","status":"publish","type":"page","link":"https:\/\/cassianacastro.com.br\/es\/terminos-de-uso\/","title":{"rendered":"Terminos de uso"},"content":{"rendered":"<h2>Termos de uso<\/h2>\n<p>Bem-vindo!<\/p>\n<p>Estes termos e condi\u00e7\u00f5es descrevem as regras e regulamentos para o uso do site CassianaCastro.com.br<\/p>\n<p>Localizado em Piraquara-PR Brasil<\/p>\n<p>Ao acessar este site, assumimos que voc\u00ea aceita estes termos e condi\u00e7\u00f5es na \u00edntegra. Voc\u00ea n\u00e3o deve continuar neste sites se n\u00e3o aceitar todos os termos e condi\u00e7\u00f5es indicados nesta p\u00e1gina.<\/p>\n<p>A seguinte terminologia aplica-se a estes Termos e Condi\u00e7\u00f5es, Declara\u00e7\u00e3o de Privacidade e Aviso de Isen\u00e7\u00e3o de Responsabilidade e qualquer ou todos os acordos: \u00abCliente\u00bb, \u00abVoc\u00ea\u00bb e \u00abSeu\u00bb referem-se a voc\u00ea, a pessoa que acessa este site e aceita os termos e condi\u00e7\u00f5es da empresa. \u201cA Companhia\u201d, \u201cN\u00f3s Mesmos\u201d, \u201cN\u00f3s\u201d e \u201cNosso\u201d, refere-se \u00e0 nossa empresa. \u00abParte\u00bb, \u00abPartes\u00bb ou \u00abN\u00f3s\u00bb refere-se tanto ao Cliente quanto \u00e0 n\u00f3s mesmos ou ao Cliente ou n\u00f3s mesmos. Todos os termos referem-se \u00e0 oferta, aceita\u00e7\u00e3o e considera\u00e7\u00e3o do pagamento necess\u00e1rio para empreender o processo de nossa assist\u00eancia ao Cliente da maneira mais apropriada, seja por meio de reuni\u00f5es formais de uma dura\u00e7\u00e3o fixa, ou qualquer outro meio, com o prop\u00f3sito expresso de satisfazer as necessidades de presta\u00e7\u00e3o de servi\u00e7os \/ produtos declarados da Empresa, de acordo com e sujeitos \u00e0 lei vigente do Brasil. Qualquer uso da terminologia acima ou outras palavras no singular, plural, capitaliza\u00e7\u00e3o e \/ ou ele \/ ela ou eles, s\u00e3o tomados como intercambi\u00e1veis \u200b\u200be, portanto, como se referindo ao mesmo.<\/p>\n<p>N\u00f3s empregamos o uso de cookies. Ao utilizar o site CassianaCastro.com.br, Voc\u00ea concorda com o uso de cookies de acordo com a pol\u00edtica de privacidade da CassianaCastro.com.br. A maioria dos sites interativos modernos usa cookies para nos permitir recuperar detalhes do usu\u00e1rio a cada visita. Cookies s\u00e3o usados \u200b\u200bem algumas \u00e1reas do nosso site para permitir a funcionalidade desta \u00e1rea e facilidade de uso pelas pessoas que o visitam. Alguns dos nossos afiliados \/ parceiros tamb\u00e9m podem usar cookies. Licen\u00e7a salvo disposi\u00e7\u00e3o em contr\u00e1rio, a CassianaCastro.com.br e \/ ou os licenciantes det\u00eam os direitos de propriedade intelectual para todo material da CassianaCastro.com.br. Todos os direitos de propriedade intelectual s\u00e3o reservados. Voc\u00ea pode ver e \/ ou imprimir p\u00e1ginas de https:\/\/cassianacastro.com.br\/ para seu uso pessoal, sujeitas a restri\u00e7\u00f5es estabelecidas nestes termos e condi\u00e7\u00f5es.<\/p>\n<p>Voc\u00ea n\u00e3o deve:<\/p>\n<p>Republicar o conte\u00fado de https:\/\/cassianacastro.com.br\/<br \/>\nVender, alugar ou sub-licenciar o conte\u00fado de https:\/\/cassianacastro.com.br\/<br \/>\nReproduzir, duplicar ou copiar conte\u00fado de https:\/\/cassianacastro.com.br\/<br \/>\nRedistribuir conte\u00fado da CassianaCastro.com.br (a menos que o conte\u00fado seja feito especificamente para redistribui\u00e7\u00e3o).<\/p>\n<p>Coment\u00e1rios do usu\u00e1rio:<br \/>\nEste Contrato ter\u00e1 in\u00edcio na data deste documento.<\/p>\n<p>Certas partes deste site oferecem a oportunidade para os usu\u00e1rios postarem e trocarem opini\u00f5es, informa\u00e7\u00f5es, material e dados (&#8216;Coment\u00e1rios&#8217;) em \u00e1reas do site. A CassianaCastro.com.br n\u00e3o seleciona, edita ou publica os Coment\u00e1rios antes de aparecerem no site e os Coment\u00e1rios n\u00e3o refletem as opini\u00f5es da CassianaCastro.com.br, seus agentes ou afiliadas. Coment\u00e1rios refletem a opini\u00e3o da pessoa que os publica. Dentro do permitido pelas leis aplic\u00e1veis \u200b\u200ba CassianaCastro.com.br n\u00e3o se responsabiliza pelos Coment\u00e1rios ou por qualquer custo de perda, responsabilidade, danos ou despesas causados e \/ ou sofre como resultado de qualquer uso e \/ ou postagem e \/ ou apar\u00eancia dos Coment\u00e1rios sobre este local na rede Internet.<\/p>\n<p>A CassianaCastro.com.br reserva-se o direito de monitorar todos os Coment\u00e1rios e remover quaisquer Coment\u00e1rios que considerar a seu absoluto crit\u00e9rio, ser inadequado, ofensivo ou de outra forma violar estes Termos e Condi\u00e7\u00f5es.<\/p>\n<p>Voc\u00ea garante e representa isso:<br \/>\nVoc\u00ea tem o direito de postar os Coment\u00e1rios em nosso site e ter todas as licen\u00e7as e consentimentos necess\u00e1rios para fazer isso;<br \/>\nOs Coment\u00e1rios n\u00e3o infringem nenhum direito de propriedade intelectual, incluindo, sem limita\u00e7\u00e3o, direitos autorais, patente ou marca registrada, ou outro direito de propriedade de qualquer terceiro;<br \/>\nOs Coment\u00e1rios n\u00e3o cont\u00eam material difamat\u00f3rio, calunioso, ofensivo, indecente ou ilegal ou material que \u00e9 uma invas\u00e3o de privacidade;<br \/>\nOs Coment\u00e1rios n\u00e3o ser\u00e3o usados \u200b\u200bpara solicitar ou promover neg\u00f3cios ou atividades comerciais personalizadas ou atividade ilegal.<\/p>\n<p>Voc\u00ea concede \u00e0 CassianaCastro.com.br uma licen\u00e7a livre de royalties n\u00e3o exclusiva para usar, reproduzir, editar e autorizar outras pessoas a usar, reproduzir e editar qualquer um dos seus coment\u00e1rios em qualquer formato e formato ou m\u00eddia.<\/p>\n<p>Hiperlinks para o nosso conte\u00fado:<br \/>\nAs organiza\u00e7\u00f5es a seguir podem se vincular ao nosso site sem aprova\u00e7\u00e3o pr\u00e9via por escrito:<br \/>\nAg\u00eancias governamentais;<br \/>\nMotores de busca;<br \/>\nOrganiza\u00e7\u00f5es de not\u00edcias;<\/p>\n<p>Distribuidores de diret\u00f3rios on-line quando eles nos listam no diret\u00f3rio podem vincular ao nosso site na mesma maneira como eles publicam hyperlinks para os outros sites, listem neg\u00f3cios; e Empresas Credenciadas em Todo o Sistema, exceto a solicita\u00e7\u00e3o de organiza\u00e7\u00f5es sem fins lucrativos, shopping centers de caridade e grupos de arrecada\u00e7\u00e3o de fundos de caridade que talvez n\u00e3o tenham hiperlink para nosso site. Essas organiza\u00e7\u00f5es podem vincular-se \u00e0 nossa p\u00e1gina inicial, \u00e0s publica\u00e7\u00f5es ou a outras informa\u00e7\u00f5es do site, desde que o link:<br \/>\n(a) n\u00e3o seja de forma alguma enganoso;<br \/>\n(b) n\u00e3o implique falsamente patroc\u00ednio, endosso ou aprova\u00e7\u00e3o da parte vinculante e de seus produtos ou servi\u00e7os;<br \/>\ne (c) se enquadra no contexto do site da parte vinculante. Podemos considerar e aprovar, a nosso exclusivo crit\u00e9rio, outras solicita\u00e7\u00f5es de links dos seguintes tipos de organiza\u00e7\u00f5es: fontes de informa\u00e7\u00f5es de consumidores e \/ ou de neg\u00f3cios comumente conhecidas, como C\u00e2maras de Com\u00e9rcio, Associa\u00e7\u00e3o Americana de Autom\u00f3veis, AARP e Uni\u00e3o de Consumidores; sites da comunidade pontocom; associa\u00e7\u00f5es ou outros grupos que representam institui\u00e7\u00f5es de caridade, incluindo sites de caridade, distribuidores de diret\u00f3rios online; portais de internet; empresas de contabilidade, direito e consultoria cujos principais clientes s\u00e3o empresas; e institui\u00e7\u00f5es educacionais e associa\u00e7\u00f5es comerciais.<\/p>\n<p>Aprovaremos as solicita\u00e7\u00f5es de links dessas organiza\u00e7\u00f5es se determinarmos que:<br \/>\n(a) o link n\u00e3o refletir\u00e1 desfavoravelmente sobre n\u00f3s ou nossas empresas credenciadas (por exemplo, associa\u00e7\u00f5es comerciais ou outras organiza\u00e7\u00f5es representando tipos de neg\u00f3cios inerentemente suspeitos, como oportunidades de casa, n\u00e3o ser\u00e1 permitido ligar);<br \/>\n(b) a organiza\u00e7\u00e3o n\u00e3o possui um registro insatisfat\u00f3rio conosco; (c) o benef\u00edcio para n\u00f3s da visibilidade associada ao hiperlink supera a aus\u00eancia de;<br \/>\ne (d) quando o link estiver no contexto de informa\u00e7\u00f5es gerais sobre recursos ou for coerente com o conte\u00fado editorial de um boletim informativo ou produto semelhante que avance a miss\u00e3o da organiza\u00e7\u00e3o.<\/p>\n<p>Essas organiza\u00e7\u00f5es podem vincular-se \u00e0 nossa p\u00e1gina inicial, \u00e0s publica\u00e7\u00f5es ou a outras informa\u00e7\u00f5es do site, desde que o link:<br \/>\n(a) n\u00e3o seja de forma alguma enganoso;<br \/>\n(b) n\u00e3o implique falsamente patroc\u00ednio, endosso ou aprova\u00e7\u00e3o da parte vinculante e de seus produtos ou servi\u00e7os;<br \/>\ne (c) se enquadra no contexto do site da parte vinculante. Se voc\u00ea est\u00e1 entre as organiza\u00e7\u00f5es listadas no par\u00e1grafo 2 acima e est\u00e1 interessado em fazer o link para o nosso site, voc\u00ea deve nos notificar enviando um e-mail usando o <a href=\"https:\/\/cassianacastro.com.br\/es\/contato\/\">formul\u00e1rio na p\u00e1gina de contato<\/a>. Inclua seu nome, nome da sua organiza\u00e7\u00e3o, informa\u00e7\u00f5es de contato (como um n\u00famero de telefone e \/ ou endere\u00e7o de e-mail), bem como o URL do seu site, uma lista de quaisquer URLs dos quais voc\u00ea pretende se conectar ao nosso site, e uma lista dos URLs em nosso site aos quais voc\u00ea gostaria de vincular.<\/p>\n<p>Permitir 2-3 semanas para uma resposta. Organiza\u00e7\u00f5es aprovadas podem fazer um hiperlink para o nosso site da seguinte forma: Pelo uso de nosso nome corporativo; ou Pelo uso do localizador uniforme de recursos (endere\u00e7o da Web) vinculado a; ou Pelo uso de qualquer outra descri\u00e7\u00e3o de nosso site ou material vinculado a isso faz sentido dentro do contexto e formato do conte\u00fado no site da parte vinculante. N\u00e3o ser\u00e1 permitido o uso do logotipo da CassianaCastro.com.br ou de outras pe\u00e7as gr\u00e1ficas para vincular um contrato de licen\u00e7a de marca ausente.<\/p>\n<p>Iframes: sem aprova\u00e7\u00e3o pr\u00e9via e permiss\u00e3o expressa por escrito, voc\u00ea n\u00e3o pode incorporar nossas p\u00e1ginas da Web ou usar outras t\u00e9cnicas com a mesma apresenta\u00e7\u00e3o visual ou apar\u00eancia do nosso site. Reserva de Direitos: Reservamo-nos o direito de a qualquer momento e a nosso exclusivo crit\u00e9rio, solicitar que voc\u00ea remova todos os links ou qualquer link espec\u00edfico direcionado para o nosso site. Voc\u00ea concorda em remover imediatamente todos os links para o nosso site sob tal solicita\u00e7\u00e3o. Tamb\u00e9m nos reservamos o direito de alterar estes termos e condi\u00e7\u00f5es e sua pol\u00edtica de links a qualquer momento. Ao continuar a vincular-se ao nosso site, voc\u00ea concorda em estar vinculado e obedecer a estes termos e condi\u00e7\u00f5es de vincula\u00e7\u00e3o.<\/p>\n<p>Remo\u00e7\u00e3o de links do nosso site: Se voc\u00ea encontrar algum link em nosso site ou qualquer site vinculado que seja question\u00e1vel por qualquer motivo, voc\u00ea pode entrar em contato conosco sobre isso. Consideraremos solicita\u00e7\u00f5es para remover links, mas n\u00e3o teremos obriga\u00e7\u00e3o de fazer isso ou responder diretamente a voc\u00ea. Embora nos esforcemos para garantir que as informa\u00e7\u00f5es neste site estejam corretas, n\u00e3o garantimos sua integridade ou precis\u00e3o; nem nos comprometemos a garantir que o site permane\u00e7a dispon\u00edvel ou que o material no site seja mantido atualizado.<\/p>\n<p>Responsabilidade pelo Conte\u00fado: N\u00e3o nos responsabilizamos por qualquer conte\u00fado que apare\u00e7a em seu site. Voc\u00ea concorda em indenizar e nos defender contra todas as reivindica\u00e7\u00f5es decorrentes ou baseadas em seu site. Nenhum link pode aparecer em qualquer p\u00e1gina do seu site ou em qualquer contexto que contenha conte\u00fado ou materiais que possam ser interpretados como difamat\u00f3rios, obscenos ou criminosos, ou que infrinja, viole ou advogue a viola\u00e7\u00e3o ou outra viola\u00e7\u00e3o qualquer. Isen\u00e7\u00e3o de Responsabilidade: At\u00e9 o limite permitido pela lei aplic\u00e1vel, exclu\u00edmos todas as representa\u00e7\u00f5es, garantias e condi\u00e7\u00f5es relacionadas ao nosso site e ao uso deste site (incluindo, sem limita\u00e7\u00e3o, quaisquer garantias impl\u00edcitas por lei a respeito de qualidade satisfat\u00f3ria, adequa\u00e7\u00e3o \u00e0 finalidade e \/ ou uso de cuidados e habilidades razo\u00e1veis). Nada neste aviso ir\u00e1: limitar ou excluir a nossa ou a sua responsabilidade por morte ou danos pessoais resultantes de neglig\u00eancia; limitar ou excluir nossa responsabilidade por fraude ou deturpa\u00e7\u00e3o fraudulenta; limitar qualquer uma das nossas ou suas responsabilidades de qualquer forma que n\u00e3o seja permitida pela lei aplic\u00e1vel; ou excluir qualquer uma das nossas ou suas responsabilidades que n\u00e3o puderem ser exclu\u00eddas sob a lei aplic\u00e1vel.<\/p>\n<p>As limita\u00e7\u00f5es e exclus\u00f5es de responsabilidade estabelecidas nesta se\u00e7\u00e3o e em qualquer outro lugar deste aviso legal:<br \/>\n(a) est\u00e3o sujeitas ao par\u00e1grafo anterior;<br \/>\ne (b) reger todas as responsabilidades decorrentes da ren\u00fancia ou em rela\u00e7\u00e3o ao assunto da presente ren\u00fancia, incluindo responsabilidades decorrentes do contrato, em delito (incluindo neglig\u00eancia) e por viola\u00e7\u00e3o do dever legal. Na medida em que o site e as informa\u00e7\u00f5es e servi\u00e7os no site s\u00e3o fornecidos gratuitamente, n\u00e3o seremos respons\u00e1veis \u200b\u200bpor qualquer perda ou dano de qualquer natureza.<\/p>\n<p>Termos de Servi\u00e7o e informa\u00e7\u00f5es de contato: Se voc\u00ea tiver alguma d\u00favida sobre qualquer um dos nossos termos, <a href=\"https:\/\/cassianacastro.com.br\/es\/contato\/\">entre em contato conosco<\/a>.<\/p>\n","protected":false},"excerpt":{"rendered":"<p>Termos de uso Bem-vindo! Estes termos e condi\u00e7\u00f5es descrevem as regras e regulamentos para o uso do site CassianaCastro.com.br Localizado em Piraquara-PR Brasil Ao acessar este site, assumimos que voc\u00ea aceita estes termos e condi\u00e7\u00f5es na \u00edntegra. Voc\u00ea n\u00e3o deve &hellip; <\/p>\n","protected":false},"author":3,"featured_media":0,"parent":0,"menu_order":0,"comment_status":"closed","ping_status":"closed","template":"","meta":{"_acf_changed":false,"_joinchat":[],"footnotes":""},"class_list":["post-11969","page","type-page","status-publish","hentry"],"acf":[],"yoast_head":"<!-- This site is optimized with the Yoast SEO plugin v27.2 - https:\/\/yoast.com\/product\/yoast-seo-wordpress\/ -->\n<title>Terminos de uso - Cassiana<\/title>\n<meta name=\"robots\" content=\"index, follow, max-snippet:-1, max-image-preview:large, max-video-preview:-1\" \/>\n<link rel=\"canonical\" href=\"https:\/\/cassianacastro.com.br\/es\/terminos-de-uso\/\" \/>\n<meta property=\"og:locale\" content=\"es_ES\" \/>\n<meta property=\"og:type\" content=\"article\" \/>\n<meta property=\"og:title\" content=\"Terminos de uso - Cassiana\" \/>\n<meta property=\"og:description\" content=\"Termos de uso Bem-vindo! Estes termos e condi\u00e7\u00f5es descrevem as regras e regulamentos para o uso do site CassianaCastro.com.br Localizado em Piraquara-PR Brasil Ao acessar este site, assumimos que voc\u00ea aceita estes termos e condi\u00e7\u00f5es na \u00edntegra. Voc\u00ea n\u00e3o deve &hellip;\" \/>\n<meta property=\"og:url\" content=\"https:\/\/cassianacastro.com.br\/es\/terminos-de-uso\/\" \/>\n<meta property=\"og:site_name\" content=\"Cassiana\" \/>\n<meta property=\"article:modified_time\" content=\"2019-10-01T03:17:15+00:00\" \/>\n<meta name=\"twitter:card\" content=\"summary_large_image\" \/>\n<meta name=\"twitter:label1\" content=\"Tiempo de lectura\" \/>\n\t<meta name=\"twitter:data1\" content=\"10 minutos\" \/>\n<script type=\"application\/ld+json\" class=\"yoast-schema-graph\">{\"@context\":\"https:\/\/schema.org\",\"@graph\":[{\"@type\":\"WebPage\",\"@id\":\"https:\/\/cassianacastro.com.br\/es\/terminos-de-uso\/\",\"url\":\"https:\/\/cassianacastro.com.br\/es\/terminos-de-uso\/\",\"name\":\"Terminos de uso - Cassiana\",\"isPartOf\":{\"@id\":\"https:\/\/cassianacastro.com.br\/#website\"},\"datePublished\":\"2019-02-21T07:32:04+00:00\",\"dateModified\":\"2019-10-01T03:17:15+00:00\",\"breadcrumb\":{\"@id\":\"https:\/\/cassianacastro.com.br\/es\/terminos-de-uso\/#breadcrumb\"},\"inLanguage\":\"es\",\"potentialAction\":[{\"@type\":\"ReadAction\",\"target\":[\"https:\/\/cassianacastro.com.br\/es\/terminos-de-uso\/\"]}]},{\"@type\":\"BreadcrumbList\",\"@id\":\"https:\/\/cassianacastro.com.br\/es\/terminos-de-uso\/#breadcrumb\",\"itemListElement\":[{\"@type\":\"ListItem\",\"position\":1,\"name\":\"In\u00edcio\",\"item\":\"https:\/\/cassianacastro.com.br\/es\/\"},{\"@type\":\"ListItem\",\"position\":2,\"name\":\"Terminos de uso\"}]},{\"@type\":\"WebSite\",\"@id\":\"https:\/\/cassianacastro.com.br\/#website\",\"url\":\"https:\/\/cassianacastro.com.br\/\",\"name\":\"Cassiana\",\"description\":\"\",\"potentialAction\":[{\"@type\":\"SearchAction\",\"target\":{\"@type\":\"EntryPoint\",\"urlTemplate\":\"https:\/\/cassianacastro.com.br\/?s={search_term_string}\"},\"query-input\":{\"@type\":\"PropertyValueSpecification\",\"valueRequired\":true,\"valueName\":\"search_term_string\"}}],\"inLanguage\":\"es\"}]}<\/script>\n<!-- \/ Yoast SEO plugin. -->","yoast_head_json":{"title":"Terminos de uso - Cassiana","robots":{"index":"index","follow":"follow","max-snippet":"max-snippet:-1","max-image-preview":"max-image-preview:large","max-video-preview":"max-video-preview:-1"},"canonical":"https:\/\/cassianacastro.com.br\/es\/terminos-de-uso\/","og_locale":"es_ES","og_type":"article","og_title":"Terminos de uso - Cassiana","og_description":"Termos de uso Bem-vindo! Estes termos e condi\u00e7\u00f5es descrevem as regras e regulamentos para o uso do site CassianaCastro.com.br Localizado em Piraquara-PR Brasil Ao acessar este site, assumimos que voc\u00ea aceita estes termos e condi\u00e7\u00f5es na \u00edntegra. Voc\u00ea n\u00e3o deve &hellip;","og_url":"https:\/\/cassianacastro.com.br\/es\/terminos-de-uso\/","og_site_name":"Cassiana","article_modified_time":"2019-10-01T03:17:15+00:00","twitter_card":"summary_large_image","twitter_misc":{"Tiempo de lectura":"10 minutos"},"schema":{"@context":"https:\/\/schema.org","@graph":[{"@type":"WebPage","@id":"https:\/\/cassianacastro.com.br\/es\/terminos-de-uso\/","url":"https:\/\/cassianacastro.com.br\/es\/terminos-de-uso\/","name":"Terminos de uso - Cassiana","isPartOf":{"@id":"https:\/\/cassianacastro.com.br\/#website"},"datePublished":"2019-02-21T07:32:04+00:00","dateModified":"2019-10-01T03:17:15+00:00","breadcrumb":{"@id":"https:\/\/cassianacastro.com.br\/es\/terminos-de-uso\/#breadcrumb"},"inLanguage":"es","potentialAction":[{"@type":"ReadAction","target":["https:\/\/cassianacastro.com.br\/es\/terminos-de-uso\/"]}]},{"@type":"BreadcrumbList","@id":"https:\/\/cassianacastro.com.br\/es\/terminos-de-uso\/#breadcrumb","itemListElement":[{"@type":"ListItem","position":1,"name":"In\u00edcio","item":"https:\/\/cassianacastro.com.br\/es\/"},{"@type":"ListItem","position":2,"name":"Terminos de uso"}]},{"@type":"WebSite","@id":"https:\/\/cassianacastro.com.br\/#website","url":"https:\/\/cassianacastro.com.br\/","name":"Cassiana","description":"","potentialAction":[{"@type":"SearchAction","target":{"@type":"EntryPoint","urlTemplate":"https:\/\/cassianacastro.com.br\/?s={search_term_string}"},"query-input":{"@type":"PropertyValueSpecification","valueRequired":true,"valueName":"search_term_string"}}],"inLanguage":"es"}]}},"jetpack_shortlink":"https:\/\/wp.me\/PaRt2L-373","jetpack_sharing_enabled":true,"_links":{"self":[{"href":"https:\/\/cassianacastro.com.br\/es\/wp-json\/wp\/v2\/pages\/11969","targetHints":{"allow":["GET"]}}],"collection":[{"href":"https:\/\/cassianacastro.com.br\/es\/wp-json\/wp\/v2\/pages"}],"about":[{"href":"https:\/\/cassianacastro.com.br\/es\/wp-json\/wp\/v2\/types\/page"}],"author":[{"embeddable":true,"href":"https:\/\/cassianacastro.com.br\/es\/wp-json\/wp\/v2\/users\/3"}],"replies":[{"embeddable":true,"href":"https:\/\/cassianacastro.com.br\/es\/wp-json\/wp\/v2\/comments?post=11969"}],"version-history":[{"count":6,"href":"https:\/\/cassianacastro.com.br\/es\/wp-json\/wp\/v2\/pages\/11969\/revisions"}],"predecessor-version":[{"id":12555,"href":"https:\/\/cassianacastro.com.br\/es\/wp-json\/wp\/v2\/pages\/11969\/revisions\/12555"}],"wp:attachment":[{"href":"https:\/\/cassianacastro.com.br\/es\/wp-json\/wp\/v2\/media?parent=11969"}],"curies":[{"name":"wp","href":"https:\/\/api.w.org\/{rel}","templated":true}]}}