{"id":11579,"date":"2015-10-19T04:23:53","date_gmt":"2015-10-19T04:23:53","guid":{"rendered":"https:\/\/cassianacastro.com.br\/home\/"},"modified":"2020-03-11T11:36:31","modified_gmt":"2020-03-11T14:36:31","slug":"home","status":"publish","type":"page","link":"https:\/\/cassianacastro.com.br\/es\/","title":{"rendered":"Home"},"content":{"rendered":"<div class=\"wpb-content-wrapper\"><p>[vc_row full_width=\u00bbstretch_row_content_no_spaces\u00bb][vc_column 0=\u00bb\u00bb][rev_slider_vc alias=\u00bbhome-espanhol-2020&#8243;][\/vc_column][\/vc_row][vc_row css=\u00bb.vc_custom_1551932653261{margin-top: 5px !important;margin-bottom: 120px !important;}\u00bb][vc_column 0=\u00bb\u00bb][vc_row_inner 0=\u00bb\u00bb][vc_column_inner 0=\u00bb\u00bb]<div class=\"vc-extral_class titulo-treinamento\"><div class=\"thim-widget-heading template-base\"><div class=\"sc_heading  \"><h3 class=\"title\">Pr\u00f3ximas Capacitaciones<\/h3><span style=\"background-color:#c6c6c6\" class=\"line\"><\/span><\/div><\/div><\/div>[\/vc_column_inner][\/vc_row_inner]<div class=\"thim-widget-courses template-courses\"><\/div>[\/vc_column][\/vc_row][vc_row css=\u00bb.vc_custom_1551932653261{margin-top: 5px !important;margin-bottom: 120px !important;}\u00bb][vc_column 0=\u00bb\u00bb][vc_row_inner 0=\u00bb\u00bb][vc_column_inner 0=\u00bb\u00bb]<div class=\"vc-extral_class titulo-treinamento\"><div class=\"thim-widget-heading template-base\"><div class=\"sc_heading  \"><h3 class=\"title\">\u00daltimos entrenamientos<\/h3><span style=\"background-color:#c6c6c6\" class=\"line\"><\/span><\/div><\/div><\/div>[\/vc_column_inner][\/vc_row_inner]<div class=\"thim-widget-courses template-courses\"><\/div>[\/vc_column][\/vc_row][vc_row 0=\u00bb\u00bb full_width=\u00bbstretch_row_content_no_spaces\u00bb css=\u00bb.vc_custom_1568767758813{background-image: url(https:\/\/cassianacastro.com.br\/wp-content\/uploads\/2019\/03\/Bg-home-sob-demanda.jpg?id=12101) !important;background-position: center !important;background-repeat: no-repeat !important;background-size: cover !important;}\u00bb el_id=\u00bbsob-demanda-home\u00bb][vc_column 0=\u00bb\u00bb][vc_row_inner 0=\u00bb\u00bb css=\u00bb.vc_custom_1551932737225{padding-top: 35px !important;padding-bottom: 70px !important;}\u00bb][vc_column_inner 0=\u00bb\u00bb][vc_empty_space height=\u00bb40px\u00bb el_id=\u00bbesp-treina\u00bb]<div class=\"thim-widget-heading template-base\"><div class=\"sc_heading  text-center\"><h3 class=\"title\">CAPACITACIONES A PEDIDO<\/h3><p class=\"sub-heading\" style=\"\">\u00bfDesea formar un grupo y solicitar una capacitaci\u00f3n espec\u00edfica?<\/p><span style=\"background-color:#ffffff\" class=\"line\"><\/span><\/div><\/div>[vc_btn title=\u00bbENTENDER COMO\u00bb shape=\u00bbsquare\u00bb color=\u00bbwhite\u00bb align=\u00bbcenter\u00bb link=\u00bburl:https%3A%2F%2Fcassianacastro.com.br%2Fes%2Fcursos%2Fpuede-solicitar-un-workshop-o-una-capacitacion-especifica-para-su-grupo%2F|||\u00bb el_id=\u00bbbotao-demanda\u00bb][\/vc_column_inner][\/vc_row_inner][\/vc_column][\/vc_row][vc_row full_width=\u00bbstretch_row\u00bb parallax=\u00bbcontent-moving\u00bb parallax_image=\u00bb11776&#8243; parallax_speed_bg=\u00bb1.3&#8243; el_class=\u00bbthim-bg-overlay\u00bb css=\u00bb.vc_custom_1568767950600{padding-top: 40px !important;padding-bottom: 105px !important;background-image: url(https:\/\/cassianacastro.com.br\/wp-content\/uploads\/2019\/03\/bg-home-blog.jpg?id=11778) !important;}\u00bb][vc_column 0=\u00bb\u00bb][vc_row_inner 0=\u00bb\u00bb][vc_column_inner 0=\u00bb\u00bb]<div class=\"thim-widget-heading template-base\"><div class=\"sc_heading  \"><h3 style=\"color:#ffffff;font-size:14px;\" class=\"title\">BLOG<\/h3><p class=\"sub-heading\" style=\"color:#ffffff;\">Mira las \u00faltimas publicaciones<\/p><\/div><\/div>[\/vc_column_inner][\/vc_row_inner]<div class=\"thim-widget-carousel-post template-carousel-post\">\t<div class=\"thim-owl-carousel-post thim-carousel-wrapper\" data-visible=\"3\"\n\t\tdata-pagination=\"0\"\n\t\tdata-navigation=\"0\" data-autoplay=\"\">\n\t\t\t\t\t<div class=\"item\">\n\t\t\t\t\t\t\t\t<div class=\"image\">\n\t\t\t\t\t<a href=\"https:\/\/cassianacastro.com.br\/es\/conferencias-es\/redescobrindo-criancas\/\">\n\t\t\t\t\t\t<img data-recalc-dims=\"1\" loading=\"lazy\" decoding=\"async\" src=\"https:\/\/i0.wp.com\/cassianacastro.com.br\/wp-content\/uploads\/2019\/03\/Re-Descobrindo.jpg?resize=450%2C267&#038;ssl=1\" alt=\"(Re)Descobrindo Crian\u00e7as\"  width=\"450\" height=\"267\">\t\t\t\t\t<\/a>\n\t\t\t\t<\/div>\n\t\t\t\t<div class=\"content\">\n\t\t\t\t\t<div class=\"info\">\n\t\t\t\t\t\t<div class=\"author\">\n\t\t\t\t\t\t\t<span>Cassiana Castro<\/span>\t\t\t\t\t\t<\/div>\n\t\t\t\t\t\t<div class=\"date\">\n\t\t\t\t\t\t\t26 de marzo de 2019\t\t\t\t\t\t<\/div>\n\t\t\t\t\t<\/div>\n\t\t\t\t\t<h4 class=\"title\">\n\t\t\t\t\t\t<a href=\"https:\/\/cassianacastro.com.br\/es\/conferencias-es\/redescobrindo-criancas\/\">(Re)Descobrindo Crian\u00e7as<\/a>\n\t\t\t\t\t<\/h4>\n\t\t\t\t<\/div>\n\t\t\t<\/div>\n\t\t\t\t\t\t<div class=\"item\">\n\t\t\t\t\t\t\t\t<div class=\"image\">\n\t\t\t\t\t<a href=\"https:\/\/cassianacastro.com.br\/es\/conferencias-es-2\/violet-solomon-oaklander-foundation-conference-2023\/\">\n\t\t\t\t\t\t<img data-recalc-dims=\"1\" loading=\"lazy\" decoding=\"async\" src=\"https:\/\/i0.wp.com\/cassianacastro.com.br\/wp-content\/uploads\/2023\/03\/VSOF-CONFERENCE.jpg?resize=450%2C267&#038;ssl=1\" alt=\"Violet Solomon Oaklander Foundation  Conference 2025\"  width=\"450\" height=\"267\">\t\t\t\t\t<\/a>\n\t\t\t\t<\/div>\n\t\t\t\t<div class=\"content\">\n\t\t\t\t\t<div class=\"info\">\n\t\t\t\t\t\t<div class=\"author\">\n\t\t\t\t\t\t\t<span>Cassiana Castro<\/span>\t\t\t\t\t\t<\/div>\n\t\t\t\t\t\t<div class=\"date\">\n\t\t\t\t\t\t\t13 de marzo de 2023\t\t\t\t\t\t<\/div>\n\t\t\t\t\t<\/div>\n\t\t\t\t\t<h4 class=\"title\">\n\t\t\t\t\t\t<a href=\"https:\/\/cassianacastro.com.br\/es\/conferencias-es-2\/violet-solomon-oaklander-foundation-conference-2023\/\">Violet Solomon Oaklander Foundation  Conference 2025<\/a>\n\t\t\t\t\t<\/h4>\n\t\t\t\t<\/div>\n\t\t\t<\/div>\n\t\t\t\t\t\t<div class=\"item\">\n\t\t\t\t\t\t\t\t<div class=\"image\">\n\t\t\t\t\t<a href=\"https:\/\/cassianacastro.com.br\/es\/notas-es\/sobre-este-blog\/\">\n\t\t\t\t\t\t<img data-recalc-dims=\"1\" loading=\"lazy\" decoding=\"async\" src=\"https:\/\/i0.wp.com\/cassianacastro.com.br\/wp-content\/uploads\/2019\/03\/Post-Sobre.jpg?resize=450%2C267&#038;ssl=1\" alt=\"Sobre este Blog\"  width=\"450\" height=\"267\">\t\t\t\t\t<\/a>\n\t\t\t\t<\/div>\n\t\t\t\t<div class=\"content\">\n\t\t\t\t\t<div class=\"info\">\n\t\t\t\t\t\t<div class=\"author\">\n\t\t\t\t\t\t\t<span>Cassiana Castro<\/span>\t\t\t\t\t\t<\/div>\n\t\t\t\t\t\t<div class=\"date\">\n\t\t\t\t\t\t\t26 de marzo de 2019\t\t\t\t\t\t<\/div>\n\t\t\t\t\t<\/div>\n\t\t\t\t\t<h4 class=\"title\">\n\t\t\t\t\t\t<a href=\"https:\/\/cassianacastro.com.br\/es\/notas-es\/sobre-este-blog\/\">Sobre este Blog<\/a>\n\t\t\t\t\t<\/h4>\n\t\t\t\t<\/div>\n\t\t\t<\/div>\n\t\t\t\t\t\t<div class=\"item\">\n\t\t\t\t\t\t\t\t<div class=\"image\">\n\t\t\t\t\t<a href=\"https:\/\/cassianacastro.com.br\/es\/articulos\/reflexoes-sobre-as-relacoes-na-atualidade-2013\/\">\n\t\t\t\t\t\t<img data-recalc-dims=\"1\" loading=\"lazy\" decoding=\"async\" src=\"https:\/\/i0.wp.com\/cassianacastro.com.br\/wp-content\/uploads\/2019\/03\/Post-Reflexoes.jpg?resize=450%2C267&#038;ssl=1\" alt=\"Reflex\u00f5es sobre as rela\u00e7\u00f5es na atualidade &#8211; 2013\"  width=\"450\" height=\"267\">\t\t\t\t\t<\/a>\n\t\t\t\t<\/div>\n\t\t\t\t<div class=\"content\">\n\t\t\t\t\t<div class=\"info\">\n\t\t\t\t\t\t<div class=\"author\">\n\t\t\t\t\t\t\t<span>Cassiana Castro<\/span>\t\t\t\t\t\t<\/div>\n\t\t\t\t\t\t<div class=\"date\">\n\t\t\t\t\t\t\t26 de marzo de 2019\t\t\t\t\t\t<\/div>\n\t\t\t\t\t<\/div>\n\t\t\t\t\t<h4 class=\"title\">\n\t\t\t\t\t\t<a href=\"https:\/\/cassianacastro.com.br\/es\/articulos\/reflexoes-sobre-as-relacoes-na-atualidade-2013\/\">Reflex\u00f5es sobre as rela\u00e7\u00f5es na atualidade &#8211; 2013<\/a>\n\t\t\t\t\t<\/h4>\n\t\t\t\t<\/div>\n\t\t\t<\/div>\n\t\t\t\t<\/div>\n\t<\/div>[\/vc_column][\/vc_row][vc_row 0=\u00bb\u00bb][vc_column 0=\u00bb\u00bb][vc_row_inner 0=\u00bb\u00bb css=\u00bb.vc_custom_1551933276990{margin-top: 5px !important;margin-bottom: 65px !important;}\u00bb][vc_column_inner 0=\u00bb\u00bb]<div class=\"thim-widget-heading template-base\"><div class=\"sc_heading  text-center\"><h3 class=\"title\">CASSIANA SILVA CASTRO \u00b7 CRP 08\/04644<\/h3><p class=\"sub-heading\" style=\"\">Soy psic\u00f3logo, terapeuta gestalt y trabajo con ni\u00f1os, adolescentes y adultos desde 1992. En mi formaci\u00f3n profesional encontr\u00e9 referencias que fueron fundamentales en mi proceso de crecimiento personal. Estos incluyen Violet Oaklander, Julian Clark Jean, Myrian Bove Fernandes, Erv y Miriam Polster, Joseph Zynker, Richard Hycner, Lynne Jacobs y muchos otros.<\/p><span style=\"background-color:#c6c6c6\" class=\"line\"><\/span><\/div><\/div>[vc_btn title=\u00bbACERCA DE\u00bb shape=\u00bbsquare\u00bb color=\u00bbpink\u00bb align=\u00bbcenter\u00bb link=\u00bburl:https%3A%2F%2Fcassianacastro.com.br%2Fes%2Facerca-de%2F|||\u00bb][\/vc_column_inner][\/vc_row_inner][\/vc_column][\/vc_row][vc_row full_width=\u00bbstretch_row_content\u00bb css=\u00bb.vc_custom_1568767911038{margin-bottom: 0px !important;padding-top: 35px !important;padding-bottom: 35px !important;background-image: url(https:\/\/cassianacastro.com.br\/wp-content\/uploads\/2019\/03\/treinamento-inverno.jpg?id=11815) !important;background-position: center !important;background-repeat: no-repeat !important;background-size: cover !important;}\u00bb el_id=\u00bbnewsletter-home\u00bb][vc_column 0=\u00bb\u00bb]<div class=\"thim-widget-heading template-base\"><div class=\"sc_heading  text-center\"><h3 class=\"title\">RECIBA NOTICIAS<\/h3><p class=\"sub-heading\" style=\"\">Inscr\u00edbase para recibir avisos sobre capacitaciones y publicaciones<br \/>\n(La frecuencia de e-mails enviados tendr\u00e1 grandes intervalos)<\/p><span style=\"background-color:#ffffff\" class=\"line\"><\/span><\/div><\/div>[vc_column_text 0=\u00bb\u00bb]<\/p>\n<div class=\"thim-newlleter-homepage\">\n<script data-jetpack-boost=\"ignore\">(function() {\n\twindow.mc4wp = window.mc4wp || {\n\t\tlisteners: [],\n\t\tforms: {\n\t\t\ton: function(evt, cb) {\n\t\t\t\twindow.mc4wp.listeners.push(\n\t\t\t\t\t{\n\t\t\t\t\t\tevent   : evt,\n\t\t\t\t\t\tcallback: cb\n\t\t\t\t\t}\n\t\t\t\t);\n\t\t\t}\n\t\t}\n\t}\n})();\n<\/script><!-- Mailchimp for WordPress v4.12.1 - https:\/\/wordpress.org\/plugins\/mailchimp-for-wp\/ --><form id=\"mc4wp-form-1\" class=\"mc4wp-form mc4wp-form-12526\" method=\"post\" data-id=\"12526\" data-name=\"Formulario de registro predeterminado\" ><div class=\"mc4wp-form-fields\"><input type=\"email\" id=\"mc4wp_email\" name=\"EMAIL\" placeholder=\"Ingrese su correo electr\u00f3nico\" required=\"\"><input type=\"submit\" value=\"Enviar\"><\/div><label style=\"display: none !important;\">Deja vac\u00edo este campo si eres humano: <input type=\"text\" name=\"_mc4wp_honeypot\" value=\"\" tabindex=\"-1\" autocomplete=\"off\" \/><\/label><input type=\"hidden\" name=\"_mc4wp_timestamp\" value=\"1775378168\" \/><input type=\"hidden\" name=\"_mc4wp_form_id\" value=\"12526\" \/><input type=\"hidden\" name=\"_mc4wp_form_element_id\" value=\"mc4wp-form-1\" \/><div class=\"mc4wp-response\"><\/div><\/form><!-- \/ Mailchimp for WordPress Plugin -->\n<\/div>\n<p>[\/vc_column_text][\/vc_column][\/vc_row]<\/p>\n<\/div>","protected":false},"excerpt":{"rendered":"<p>[vc_row full_width=\u00bbstretch_row_content_no_spaces\u00bb][vc_column 0=\u00bb\u00bb][rev_slider_vc alias=\u00bbhome-espanhol-2020&#8243;][\/vc_column][\/vc_row][vc_row css=\u00bb.vc_custom_1551932653261{margin-top: 5px !important;margin-bottom: 120px !important;}\u00bb][vc_column 0=\u00bb\u00bb][vc_row_inner 0=\u00bb\u00bb][vc_column_inner 0=\u00bb\u00bb][\/vc_column_inner][\/vc_row_inner][\/vc_column][\/vc_row][vc_row css=\u00bb.vc_custom_1551932653261{margin-top: 5px !important;margin-bottom: 120px !important;}\u00bb][vc_column 0=\u00bb\u00bb][vc_row_inner 0=\u00bb\u00bb][vc_column_inner 0=\u00bb\u00bb][\/vc_column_inner][\/vc_row_inner][\/vc_column][\/vc_row][vc_row 0=\u00bb\u00bb full_width=\u00bbstretch_row_content_no_spaces\u00bb css=\u00bb.vc_custom_1568767758813{background-image: url(https:\/\/cassianacastro.com.br\/wp-content\/uploads\/2019\/03\/Bg-home-sob-demanda.jpg?id=12101) !important;background-position: center !important;background-repeat: no-repeat !important;background-size: cover !important;}\u00bb el_id=\u00bbsob-demanda-home\u00bb][vc_column 0=\u00bb\u00bb][vc_row_inner 0=\u00bb\u00bb css=\u00bb.vc_custom_1551932737225{padding-top: 35px !important;padding-bottom: 70px !important;}\u00bb][vc_column_inner 0=\u00bb\u00bb][vc_empty_space &hellip; <\/p>\n","protected":false},"author":3,"featured_media":0,"parent":0,"menu_order":0,"comment_status":"closed","ping_status":"closed","template":"page-templates\/homepage.php","meta":{"_acf_changed":false,"_joinchat":[],"footnotes":""},"class_list":["post-11579","page","type-page","status-publish","hentry"],"acf":[],"yoast_head":"<!-- This site is optimized with the Yoast SEO plugin v27.2 - https:\/\/yoast.com\/product\/yoast-seo-wordpress\/ -->\n<title>Cassiana Castro<\/title>\n<meta name=\"robots\" content=\"index, follow, max-snippet:-1, max-image-preview:large, max-video-preview:-1\" \/>\n<link rel=\"canonical\" href=\"https:\/\/cassianacastro.com.br\/es\/\" \/>\n<meta property=\"og:locale\" content=\"es_ES\" \/>\n<meta property=\"og:type\" content=\"article\" \/>\n<meta property=\"og:title\" content=\"Cassiana Castro\" \/>\n<meta property=\"og:description\" content=\"[vc_row full_width=\u00bbstretch_row_content_no_spaces\u00bb][vc_column 0=\u00bb\u00bb][rev_slider_vc alias=\u00bbhome-espanhol-2020&#8243;][\/vc_column][\/vc_row][vc_row css=\u00bb.vc_custom_1551932653261{margin-top: 5px !important;margin-bottom: 120px !important;}\u00bb][vc_column 0=\u00bb\u00bb][vc_row_inner 0=\u00bb\u00bb][vc_column_inner 0=\u00bb\u00bb][\/vc_column_inner][\/vc_row_inner][\/vc_column][\/vc_row][vc_row css=\u00bb.vc_custom_1551932653261{margin-top: 5px !important;margin-bottom: 120px !important;}\u00bb][vc_column 0=\u00bb\u00bb][vc_row_inner 0=\u00bb\u00bb][vc_column_inner 0=\u00bb\u00bb][\/vc_column_inner][\/vc_row_inner][\/vc_column][\/vc_row][vc_row 0=\u00bb\u00bb full_width=\u00bbstretch_row_content_no_spaces\u00bb css=\u00bb.vc_custom_1568767758813{background-image: url(https:\/\/cassianacastro.com.br\/wp-content\/uploads\/2019\/03\/Bg-home-sob-demanda.jpg?id=12101) !important;background-position: center !important;background-repeat: no-repeat !important;background-size: cover !important;}\u00bb el_id=\u00bbsob-demanda-home\u00bb][vc_column 0=\u00bb\u00bb][vc_row_inner 0=\u00bb\u00bb css=\u00bb.vc_custom_1551932737225{padding-top: 35px !important;padding-bottom: 70px !important;}\u00bb][vc_column_inner 0=\u00bb\u00bb][vc_empty_space &hellip;\" \/>\n<meta property=\"og:url\" content=\"https:\/\/cassianacastro.com.br\/es\/\" \/>\n<meta property=\"og:site_name\" content=\"Cassiana\" \/>\n<meta property=\"article:modified_time\" content=\"2020-03-11T14:36:31+00:00\" \/>\n<meta name=\"twitter:card\" content=\"summary_large_image\" \/>\n<meta name=\"twitter:label1\" content=\"Tiempo de lectura\" \/>\n\t<meta name=\"twitter:data1\" content=\"3 minutos\" \/>\n<script type=\"application\/ld+json\" class=\"yoast-schema-graph\">{\"@context\":\"https:\/\/schema.org\",\"@graph\":[{\"@type\":\"WebPage\",\"@id\":\"https:\/\/cassianacastro.com.br\/es\/\",\"url\":\"https:\/\/cassianacastro.com.br\/es\/\",\"name\":\"Cassiana Castro\",\"isPartOf\":{\"@id\":\"https:\/\/cassianacastro.com.br\/#website\"},\"datePublished\":\"2015-10-19T04:23:53+00:00\",\"dateModified\":\"2020-03-11T14:36:31+00:00\",\"breadcrumb\":{\"@id\":\"https:\/\/cassianacastro.com.br\/es\/#breadcrumb\"},\"inLanguage\":\"es\",\"potentialAction\":[{\"@type\":\"ReadAction\",\"target\":[\"https:\/\/cassianacastro.com.br\/es\/\"]}]},{\"@type\":\"BreadcrumbList\",\"@id\":\"https:\/\/cassianacastro.com.br\/es\/#breadcrumb\",\"itemListElement\":[{\"@type\":\"ListItem\",\"position\":1,\"name\":\"In\u00edcio\",\"item\":\"https:\/\/cassianacastro.com.br\/es\/\"},{\"@type\":\"ListItem\",\"position\":2,\"name\":\"Home\"}]},{\"@type\":\"WebSite\",\"@id\":\"https:\/\/cassianacastro.com.br\/#website\",\"url\":\"https:\/\/cassianacastro.com.br\/\",\"name\":\"Cassiana\",\"description\":\"\",\"potentialAction\":[{\"@type\":\"SearchAction\",\"target\":{\"@type\":\"EntryPoint\",\"urlTemplate\":\"https:\/\/cassianacastro.com.br\/?s={search_term_string}\"},\"query-input\":{\"@type\":\"PropertyValueSpecification\",\"valueRequired\":true,\"valueName\":\"search_term_string\"}}],\"inLanguage\":\"es\"}]}<\/script>\n<!-- \/ Yoast SEO plugin. -->","yoast_head_json":{"title":"Cassiana Castro","robots":{"index":"index","follow":"follow","max-snippet":"max-snippet:-1","max-image-preview":"max-image-preview:large","max-video-preview":"max-video-preview:-1"},"canonical":"https:\/\/cassianacastro.com.br\/es\/","og_locale":"es_ES","og_type":"article","og_title":"Cassiana Castro","og_description":"[vc_row full_width=\u00bbstretch_row_content_no_spaces\u00bb][vc_column 0=\u00bb\u00bb][rev_slider_vc alias=\u00bbhome-espanhol-2020&#8243;][\/vc_column][\/vc_row][vc_row css=\u00bb.vc_custom_1551932653261{margin-top: 5px !important;margin-bottom: 120px !important;}\u00bb][vc_column 0=\u00bb\u00bb][vc_row_inner 0=\u00bb\u00bb][vc_column_inner 0=\u00bb\u00bb][\/vc_column_inner][\/vc_row_inner][\/vc_column][\/vc_row][vc_row css=\u00bb.vc_custom_1551932653261{margin-top: 5px !important;margin-bottom: 120px !important;}\u00bb][vc_column 0=\u00bb\u00bb][vc_row_inner 0=\u00bb\u00bb][vc_column_inner 0=\u00bb\u00bb][\/vc_column_inner][\/vc_row_inner][\/vc_column][\/vc_row][vc_row 0=\u00bb\u00bb full_width=\u00bbstretch_row_content_no_spaces\u00bb css=\u00bb.vc_custom_1568767758813{background-image: url(https:\/\/cassianacastro.com.br\/wp-content\/uploads\/2019\/03\/Bg-home-sob-demanda.jpg?id=12101) !important;background-position: center !important;background-repeat: no-repeat !important;background-size: cover !important;}\u00bb el_id=\u00bbsob-demanda-home\u00bb][vc_column 0=\u00bb\u00bb][vc_row_inner 0=\u00bb\u00bb css=\u00bb.vc_custom_1551932737225{padding-top: 35px !important;padding-bottom: 70px !important;}\u00bb][vc_column_inner 0=\u00bb\u00bb][vc_empty_space &hellip;","og_url":"https:\/\/cassianacastro.com.br\/es\/","og_site_name":"Cassiana","article_modified_time":"2020-03-11T14:36:31+00:00","twitter_card":"summary_large_image","twitter_misc":{"Tiempo de lectura":"3 minutos"},"schema":{"@context":"https:\/\/schema.org","@graph":[{"@type":"WebPage","@id":"https:\/\/cassianacastro.com.br\/es\/","url":"https:\/\/cassianacastro.com.br\/es\/","name":"Cassiana Castro","isPartOf":{"@id":"https:\/\/cassianacastro.com.br\/#website"},"datePublished":"2015-10-19T04:23:53+00:00","dateModified":"2020-03-11T14:36:31+00:00","breadcrumb":{"@id":"https:\/\/cassianacastro.com.br\/es\/#breadcrumb"},"inLanguage":"es","potentialAction":[{"@type":"ReadAction","target":["https:\/\/cassianacastro.com.br\/es\/"]}]},{"@type":"BreadcrumbList","@id":"https:\/\/cassianacastro.com.br\/es\/#breadcrumb","itemListElement":[{"@type":"ListItem","position":1,"name":"In\u00edcio","item":"https:\/\/cassianacastro.com.br\/es\/"},{"@type":"ListItem","position":2,"name":"Home"}]},{"@type":"WebSite","@id":"https:\/\/cassianacastro.com.br\/#website","url":"https:\/\/cassianacastro.com.br\/","name":"Cassiana","description":"","potentialAction":[{"@type":"SearchAction","target":{"@type":"EntryPoint","urlTemplate":"https:\/\/cassianacastro.com.br\/?s={search_term_string}"},"query-input":{"@type":"PropertyValueSpecification","valueRequired":true,"valueName":"search_term_string"}}],"inLanguage":"es"}]}},"jetpack_shortlink":"https:\/\/wp.me\/PaRt2L-30L","jetpack_sharing_enabled":true,"_links":{"self":[{"href":"https:\/\/cassianacastro.com.br\/es\/wp-json\/wp\/v2\/pages\/11579","targetHints":{"allow":["GET"]}}],"collection":[{"href":"https:\/\/cassianacastro.com.br\/es\/wp-json\/wp\/v2\/pages"}],"about":[{"href":"https:\/\/cassianacastro.com.br\/es\/wp-json\/wp\/v2\/types\/page"}],"author":[{"embeddable":true,"href":"https:\/\/cassianacastro.com.br\/es\/wp-json\/wp\/v2\/users\/3"}],"replies":[{"embeddable":true,"href":"https:\/\/cassianacastro.com.br\/es\/wp-json\/wp\/v2\/comments?post=11579"}],"version-history":[{"count":13,"href":"https:\/\/cassianacastro.com.br\/es\/wp-json\/wp\/v2\/pages\/11579\/revisions"}],"predecessor-version":[{"id":12642,"href":"https:\/\/cassianacastro.com.br\/es\/wp-json\/wp\/v2\/pages\/11579\/revisions\/12642"}],"wp:attachment":[{"href":"https:\/\/cassianacastro.com.br\/es\/wp-json\/wp\/v2\/media?parent=11579"}],"curies":[{"name":"wp","href":"https:\/\/api.w.org\/{rel}","templated":true}]}}