{"id":11960,"date":"2015-11-18T08:34:00","date_gmt":"2015-11-18T08:34:00","guid":{"rendered":"https:\/\/cassianacastro.com.br\/sobre\/"},"modified":"2019-09-17T23:20:16","modified_gmt":"2019-09-18T02:20:16","slug":"about","status":"publish","type":"page","link":"https:\/\/cassianacastro.com.br\/en\/about\/","title":{"rendered":"About"},"content":{"rendered":"<div class=\"wpb-content-wrapper\"><p>[vc_row][vc_column]<div class=\"thim-widget-heading template-base\"><div class=\"sc_heading  text-center\"><h3 class=\"title\">CASSIANA SILVA CASTRO<\/h3><p class=\"sub-heading\" style=\"\">CRP 08\/04644<\/p>\n<p>I am a psychologist, Gestalt therapist, I work with children, adolescents and adults since 1992. In my professional training I found references that were fundamental in my personal growth process. Among them, Violet Oaklander, Jean Clark Julian, Myrian Bove Fernandes, Erv and Miriam Polster, Joseph Zynker, Richard Hycner, Lynne Jacobs and many others.<\/p><\/div><\/div>[vc_row_inner el_class=&#8221;logos-sobre&#8221;][vc_column_inner width=&#8221;1\/4&#8243;][\/vc_column_inner][vc_column_inner width=&#8221;1\/4&#8243;][vc_single_image image=&#8221;11569&#8243; img_size=&#8221;full&#8221; alignment=&#8221;right&#8221; onclick=&#8221;custom_link&#8221; img_link_target=&#8221;_blank&#8221; link=&#8221;http:\/\/google.com&#8221;][\/vc_column_inner][vc_column_inner width=&#8221;1\/4&#8243;][vc_single_image image=&#8221;11566&#8243; img_size=&#8221;full&#8221; onclick=&#8221;custom_link&#8221; img_link_target=&#8221;_blank&#8221; link=&#8221;http:\/\/google.com&#8221;][\/vc_column_inner][vc_column_inner width=&#8221;1\/4&#8243;][\/vc_column_inner][\/vc_row_inner]<div class=\"vc-extral_class divisor-sobre\"><div class=\"thim-widget-heading template-base\"><div class=\"sc_heading  text-center\"><h3 class=\"title\"><\/h3><span style=\"background-color:#999999\" class=\"line\"><\/span><\/div><\/div><\/div>[\/vc_column][\/vc_row][vc_row el_class=&#8221;thim-no-margin-bottom&#8221;][vc_column width=&#8221;1\/4&#8243;][vc_single_image image=&#8221;11540&#8243; img_size=&#8221;200&#215;200&#8243; alignment=&#8221;center&#8221; style=&#8221;vc_box_circle_2&#8243;][vc_column_text el_class=&#8221;sobre-ano&#8221;]<\/p>\n<h4 style=\"text-align: center;\">1987-1992<\/h4>\n<p>[\/vc_column_text][vc_column_text el_class=&#8221;sobre-subtitulo&#8221;]<\/p>\n<p style=\"text-align: center;\">PSICOLOGIA E GESTALT-TERAPIA<\/p>\n<p>[\/vc_column_text][vc_column_text el_class=&#8221;sobre-texto&#8221;]<\/p>\n<p style=\"text-align: center;\">Ser psic\u00f3loga n\u00e3o foi a minha primeira op\u00e7\u00e3o, ser Gestalt-Terapeuta foi. Entrei mesmo na Psicologia pela porta da Gestalt (longa hist\u00f3ria&#8230;), depois de ter trabalhado como fot\u00f3grafa e ter cursado 3 anos em Comunica\u00e7\u00e3o Visual na UFPR. Assim, me formei em Psicologia pela PUC-PR em 1992 e conclui minha forma\u00e7\u00e3o em Gestalt pelo extinto CEG-PR\u00a0com o professor Alcides Ignacio Junior no mesmo ano.<\/p>\n<p>[\/vc_column_text][\/vc_column][vc_column width=&#8221;1\/4&#8243;][vc_single_image image=&#8221;11543&#8243; img_size=&#8221;200&#215;200&#8243; alignment=&#8221;center&#8221; style=&#8221;vc_box_circle_2&#8243;][vc_column_text el_class=&#8221;sobre-ano&#8221;]<\/p>\n<h4 style=\"text-align: center;\">1989-1998<\/h4>\n<p>[\/vc_column_text][vc_column_text el_class=&#8221;sobre-subtitulo&#8221;]<\/p>\n<p style=\"text-align: center;\">CONSTRUINDO O CAMINHO<\/p>\n<p>[\/vc_column_text][vc_column_text el_class=&#8221;sobre-texto&#8221;]<\/p>\n<p style=\"text-align: center;\">Rapidamente me engajei ao CEG-PR onde participei na constru\u00e7\u00e3o de muitos projetos que contribu\u00edram para o crescimento da Gestalt no sul do Brasil. Entre estes projetos, lembro com muito carinho do Primeiro Encontro Regional Sul de GT, da revista Gestalt\u2013Terapia Jornal, a primeira do Brasil, e das edi\u00e7\u00f5es do Encontro de Workshops em GT.<\/p>\n<p>[\/vc_column_text][\/vc_column][vc_column width=&#8221;1\/4&#8243;][vc_single_image image=&#8221;11546&#8243; img_size=&#8221;200&#215;200&#8243; alignment=&#8221;center&#8221; style=&#8221;vc_box_circle_2&#8243;][vc_column_text el_class=&#8221;sobre-ano&#8221;]<\/p>\n<h4 style=\"text-align: center;\">1992-2000<\/h4>\n<p>[\/vc_column_text][vc_column_text el_class=&#8221;sobre-subtitulo&#8221;]<\/p>\n<p style=\"text-align: center;\">ENCONTROS<\/p>\n<p>[\/vc_column_text][vc_column_text el_class=&#8221;sobre-texto&#8221;]<\/p>\n<p style=\"text-align: center;\">Dei continuidade \u00e0 minha forma\u00e7\u00e3o em v\u00e1rios treinamentos, workshops e supervis\u00f5es no Brasil, EUA, Canad\u00e1 e Argentina. Neste caminho me encontrei com grandes refer\u00eancias na minha carreira, entre elas, Violet Oaklander, Erving e Miriam Polster, Joseph Zinker, Richard Hycner, Lynne Jacobs, Gary Yonteff, Jean Clark Juliano, Myrian Bove Fernandes, Carmen Johnsson. Al\u00e9m das refer\u00eancias tamb\u00e9m fiz grandes parcerias e amigos, como Andrea Ribeiro, Miguel Liello, Peter Mortolla, Alcides Ignacio Junior, Brigitte Peterhans&#8230;estes entre tantos outros nomes, que mesmo n\u00e3o citados aqui tiveram grande import\u00e2ncia na minha constru\u00e7\u00e3o n\u00e3o apenas como terapeuta, mas tamb\u00e9m como pessoa.<\/p>\n<p>[\/vc_column_text][\/vc_column][vc_column width=&#8221;1\/4&#8243;][vc_single_image image=&#8221;11549&#8243; img_size=&#8221;200&#215;200&#8243; alignment=&#8221;center&#8221; style=&#8221;vc_box_circle_2&#8243;][vc_column_text el_class=&#8221;sobre-ano&#8221;]<\/p>\n<h4 style=\"text-align: center;\">1998<\/h4>\n<p>[\/vc_column_text][vc_column_text el_class=&#8221;sobre-subtitulo&#8221;]<\/p>\n<p style=\"text-align: center;\">UNIVERSIDADE E CL\u00cdNICA<\/p>\n<p>[\/vc_column_text][vc_column_text el_class=&#8221;sobre-texto&#8221;]<\/p>\n<p style=\"text-align: center;\">Quanto \u00e0s atividades acad\u00eamicas, conclui a p\u00f3s-gradua\u00e7\u00e3o em adolesc\u00eancia pela PUC-PR com o trabalho de conclus\u00e3o \u201cO Adolescente no Cinema\u201d. E na sequ\u00eancia dei aulas como professora convidada neste mesmo curso na PUC, no m\u00f3dulo sobre o adolescente e a m\u00eddia. Ap\u00f3s 1998 me concentrei no trabalho cl\u00ednico em meu consult\u00f3rio onde, junto com minha grande amiga e s\u00f3cia Andr\u00e9a G. Ribeiro, atendo crian\u00e7as, adolescentes e adultos; e supervisiono casos cl\u00ednicos desde 1992.<\/p>\n<p>[\/vc_column_text][\/vc_column][\/vc_row][vc_row el_class=&#8221;thim-no-margin-bottom&#8221;][vc_column width=&#8221;1\/4&#8243;][vc_single_image image=&#8221;11552&#8243; img_size=&#8221;200&#215;200&#8243; alignment=&#8221;center&#8221; style=&#8221;vc_box_circle_2&#8243;][vc_column_text el_class=&#8221;sobre-ano&#8221;]<\/p>\n<h4 style=\"text-align: center;\">Desde 2015<\/h4>\n<p>[\/vc_column_text][vc_column_text el_class=&#8221;sobre-subtitulo&#8221;]<\/p>\n<p style=\"text-align: center;\">TREINAMENTOS<\/p>\n<p>[\/vc_column_text][vc_column_text el_class=&#8221;sobre-texto&#8221;]<\/p>\n<p style=\"text-align: center;\">Tenho realizado workshops, aulas te\u00f3ricas e supervis\u00e3o cl\u00ednica como colaboradora do Instituto Figura e Fundo em Curitiba. Recentemente tenho tamb\u00e9m me dedicado ao desenvolvimento de workshops de crescimento pessoal e treinamentos em GT.<br \/>\nTamb\u00e9m como convidada participo com certa frequ\u00eancia nos debates promovidos pela Radio CBN Curitiba, por considerar bastante importante este tipo de atividade para a comunidade.<\/p>\n<p>[\/vc_column_text][\/vc_column][vc_column width=&#8221;1\/4&#8243;][vc_single_image image=&#8221;11555&#8243; img_size=&#8221;200&#215;200&#8243; alignment=&#8221;center&#8221; style=&#8221;vc_box_circle_2&#8243;][vc_column_text el_class=&#8221;sobre-ano&#8221;]<\/p>\n<h4 style=\"text-align: center;\">2019<\/h4>\n<p>[\/vc_column_text][vc_column_text el_class=&#8221;sobre-subtitulo&#8221;]<\/p>\n<p style=\"text-align: center;\">AQUI E AGORA<\/p>\n<p>[\/vc_column_text][vc_column_text el_class=&#8221;sobre-texto&#8221;]<\/p>\n<p style=\"text-align: center;\">Chegou a hora de compartilhar a minha experi\u00eancia e isso me traz grande satisfa\u00e7\u00e3o, pois tenho consci\u00eancia da import\u00e2ncia dos treinamentos na minha forma\u00e7\u00e3o.<\/p>\n<p>[\/vc_column_text][\/vc_column][vc_column width=&#8221;1\/4&#8243;][\/vc_column][vc_column width=&#8221;1\/4&#8243;][\/vc_column][\/vc_row]<\/p>\n<\/div>","protected":false},"excerpt":{"rendered":"<p>[vc_row][vc_column][vc_row_inner el_class=&#8221;logos-sobre&#8221;][vc_column_inner width=&#8221;1\/4&#8243;][\/vc_column_inner][vc_column_inner width=&#8221;1\/4&#8243;][vc_single_image image=&#8221;11569&#8243; img_size=&#8221;full&#8221; alignment=&#8221;right&#8221; onclick=&#8221;custom_link&#8221; img_link_target=&#8221;_blank&#8221; link=&#8221;http:\/\/google.com&#8221;][\/vc_column_inner][vc_column_inner width=&#8221;1\/4&#8243;][vc_single_image image=&#8221;11566&#8243; img_size=&#8221;full&#8221; onclick=&#8221;custom_link&#8221; img_link_target=&#8221;_blank&#8221; link=&#8221;http:\/\/google.com&#8221;][\/vc_column_inner][vc_column_inner width=&#8221;1\/4&#8243;][\/vc_column_inner][\/vc_row_inner][\/vc_column][\/vc_row][vc_row el_class=&#8221;thim-no-margin-bottom&#8221;][vc_column width=&#8221;1\/4&#8243;][vc_single_image image=&#8221;11540&#8243; img_size=&#8221;200&#215;200&#8243; alignment=&#8221;center&#8221; style=&#8221;vc_box_circle_2&#8243;][vc_column_text el_class=&#8221;sobre-ano&#8221;] 1987-1992 [\/vc_column_text][vc_column_text el_class=&#8221;sobre-subtitulo&#8221;] PSICOLOGIA E GESTALT-TERAPIA [\/vc_column_text][vc_column_text el_class=&#8221;sobre-texto&#8221;] Ser psic\u00f3loga n\u00e3o foi a minha primeira op\u00e7\u00e3o, &hellip; <\/p>\n","protected":false},"author":3,"featured_media":0,"parent":0,"menu_order":0,"comment_status":"closed","ping_status":"closed","template":"","meta":{"_acf_changed":false,"_joinchat":[],"footnotes":""},"class_list":["post-11960","page","type-page","status-publish","hentry"],"acf":[],"yoast_head":"<!-- This site is optimized with the Yoast SEO plugin v27.2 - https:\/\/yoast.com\/product\/yoast-seo-wordpress\/ -->\n<title>About - Cassiana<\/title>\n<meta name=\"robots\" content=\"index, follow, max-snippet:-1, max-image-preview:large, max-video-preview:-1\" \/>\n<link rel=\"canonical\" href=\"https:\/\/cassianacastro.com.br\/en\/about\/\" \/>\n<meta property=\"og:locale\" content=\"en_US\" \/>\n<meta property=\"og:type\" content=\"article\" \/>\n<meta property=\"og:title\" content=\"About - Cassiana\" \/>\n<meta property=\"og:description\" content=\"[vc_row][vc_column][vc_row_inner el_class=&#8221;logos-sobre&#8221;][vc_column_inner width=&#8221;1\/4&#8243;][\/vc_column_inner][vc_column_inner width=&#8221;1\/4&#8243;][vc_single_image image=&#8221;11569&#8243; img_size=&#8221;full&#8221; alignment=&#8221;right&#8221; onclick=&#8221;custom_link&#8221; img_link_target=&#8221;_blank&#8221; link=&#8221;http:\/\/google.com&#8221;][\/vc_column_inner][vc_column_inner width=&#8221;1\/4&#8243;][vc_single_image image=&#8221;11566&#8243; img_size=&#8221;full&#8221; onclick=&#8221;custom_link&#8221; img_link_target=&#8221;_blank&#8221; link=&#8221;http:\/\/google.com&#8221;][\/vc_column_inner][vc_column_inner width=&#8221;1\/4&#8243;][\/vc_column_inner][\/vc_row_inner][\/vc_column][\/vc_row][vc_row el_class=&#8221;thim-no-margin-bottom&#8221;][vc_column width=&#8221;1\/4&#8243;][vc_single_image image=&#8221;11540&#8243; img_size=&#8221;200&#215;200&#8243; alignment=&#8221;center&#8221; style=&#8221;vc_box_circle_2&#8243;][vc_column_text el_class=&#8221;sobre-ano&#8221;] 1987-1992 [\/vc_column_text][vc_column_text el_class=&#8221;sobre-subtitulo&#8221;] PSICOLOGIA E GESTALT-TERAPIA [\/vc_column_text][vc_column_text el_class=&#8221;sobre-texto&#8221;] Ser psic\u00f3loga n\u00e3o foi a minha primeira op\u00e7\u00e3o, &hellip;\" \/>\n<meta property=\"og:url\" content=\"https:\/\/cassianacastro.com.br\/en\/about\/\" \/>\n<meta property=\"og:site_name\" content=\"Cassiana\" \/>\n<meta property=\"article:modified_time\" content=\"2019-09-18T02:20:16+00:00\" \/>\n<meta name=\"twitter:card\" content=\"summary_large_image\" \/>\n<meta name=\"twitter:label1\" content=\"Est. reading time\" \/>\n\t<meta name=\"twitter:data1\" content=\"4 minutes\" \/>\n<script type=\"application\/ld+json\" class=\"yoast-schema-graph\">{\"@context\":\"https:\/\/schema.org\",\"@graph\":[{\"@type\":\"WebPage\",\"@id\":\"https:\/\/cassianacastro.com.br\/en\/about\/\",\"url\":\"https:\/\/cassianacastro.com.br\/en\/about\/\",\"name\":\"About - Cassiana\",\"isPartOf\":{\"@id\":\"https:\/\/cassianacastro.com.br\/#website\"},\"datePublished\":\"2015-11-18T08:34:00+00:00\",\"dateModified\":\"2019-09-18T02:20:16+00:00\",\"breadcrumb\":{\"@id\":\"https:\/\/cassianacastro.com.br\/en\/about\/#breadcrumb\"},\"inLanguage\":\"en-US\",\"potentialAction\":[{\"@type\":\"ReadAction\",\"target\":[\"https:\/\/cassianacastro.com.br\/en\/about\/\"]}]},{\"@type\":\"BreadcrumbList\",\"@id\":\"https:\/\/cassianacastro.com.br\/en\/about\/#breadcrumb\",\"itemListElement\":[{\"@type\":\"ListItem\",\"position\":1,\"name\":\"In\u00edcio\",\"item\":\"https:\/\/cassianacastro.com.br\/en\/\"},{\"@type\":\"ListItem\",\"position\":2,\"name\":\"About\"}]},{\"@type\":\"WebSite\",\"@id\":\"https:\/\/cassianacastro.com.br\/#website\",\"url\":\"https:\/\/cassianacastro.com.br\/\",\"name\":\"Cassiana\",\"description\":\"\",\"potentialAction\":[{\"@type\":\"SearchAction\",\"target\":{\"@type\":\"EntryPoint\",\"urlTemplate\":\"https:\/\/cassianacastro.com.br\/?s={search_term_string}\"},\"query-input\":{\"@type\":\"PropertyValueSpecification\",\"valueRequired\":true,\"valueName\":\"search_term_string\"}}],\"inLanguage\":\"en-US\"}]}<\/script>\n<!-- \/ Yoast SEO plugin. -->","yoast_head_json":{"title":"About - Cassiana","robots":{"index":"index","follow":"follow","max-snippet":"max-snippet:-1","max-image-preview":"max-image-preview:large","max-video-preview":"max-video-preview:-1"},"canonical":"https:\/\/cassianacastro.com.br\/en\/about\/","og_locale":"en_US","og_type":"article","og_title":"About - Cassiana","og_description":"[vc_row][vc_column][vc_row_inner el_class=&#8221;logos-sobre&#8221;][vc_column_inner width=&#8221;1\/4&#8243;][\/vc_column_inner][vc_column_inner width=&#8221;1\/4&#8243;][vc_single_image image=&#8221;11569&#8243; img_size=&#8221;full&#8221; alignment=&#8221;right&#8221; onclick=&#8221;custom_link&#8221; img_link_target=&#8221;_blank&#8221; link=&#8221;http:\/\/google.com&#8221;][\/vc_column_inner][vc_column_inner width=&#8221;1\/4&#8243;][vc_single_image image=&#8221;11566&#8243; img_size=&#8221;full&#8221; onclick=&#8221;custom_link&#8221; img_link_target=&#8221;_blank&#8221; link=&#8221;http:\/\/google.com&#8221;][\/vc_column_inner][vc_column_inner width=&#8221;1\/4&#8243;][\/vc_column_inner][\/vc_row_inner][\/vc_column][\/vc_row][vc_row el_class=&#8221;thim-no-margin-bottom&#8221;][vc_column width=&#8221;1\/4&#8243;][vc_single_image image=&#8221;11540&#8243; img_size=&#8221;200&#215;200&#8243; alignment=&#8221;center&#8221; style=&#8221;vc_box_circle_2&#8243;][vc_column_text el_class=&#8221;sobre-ano&#8221;] 1987-1992 [\/vc_column_text][vc_column_text el_class=&#8221;sobre-subtitulo&#8221;] PSICOLOGIA E GESTALT-TERAPIA [\/vc_column_text][vc_column_text el_class=&#8221;sobre-texto&#8221;] Ser psic\u00f3loga n\u00e3o foi a minha primeira op\u00e7\u00e3o, &hellip;","og_url":"https:\/\/cassianacastro.com.br\/en\/about\/","og_site_name":"Cassiana","article_modified_time":"2019-09-18T02:20:16+00:00","twitter_card":"summary_large_image","twitter_misc":{"Est. reading time":"4 minutes"},"schema":{"@context":"https:\/\/schema.org","@graph":[{"@type":"WebPage","@id":"https:\/\/cassianacastro.com.br\/en\/about\/","url":"https:\/\/cassianacastro.com.br\/en\/about\/","name":"About - Cassiana","isPartOf":{"@id":"https:\/\/cassianacastro.com.br\/#website"},"datePublished":"2015-11-18T08:34:00+00:00","dateModified":"2019-09-18T02:20:16+00:00","breadcrumb":{"@id":"https:\/\/cassianacastro.com.br\/en\/about\/#breadcrumb"},"inLanguage":"en-US","potentialAction":[{"@type":"ReadAction","target":["https:\/\/cassianacastro.com.br\/en\/about\/"]}]},{"@type":"BreadcrumbList","@id":"https:\/\/cassianacastro.com.br\/en\/about\/#breadcrumb","itemListElement":[{"@type":"ListItem","position":1,"name":"In\u00edcio","item":"https:\/\/cassianacastro.com.br\/en\/"},{"@type":"ListItem","position":2,"name":"About"}]},{"@type":"WebSite","@id":"https:\/\/cassianacastro.com.br\/#website","url":"https:\/\/cassianacastro.com.br\/","name":"Cassiana","description":"","potentialAction":[{"@type":"SearchAction","target":{"@type":"EntryPoint","urlTemplate":"https:\/\/cassianacastro.com.br\/?s={search_term_string}"},"query-input":{"@type":"PropertyValueSpecification","valueRequired":true,"valueName":"search_term_string"}}],"inLanguage":"en-US"}]}},"jetpack_shortlink":"https:\/\/wp.me\/PaRt2L-36U","jetpack_sharing_enabled":true,"_links":{"self":[{"href":"https:\/\/cassianacastro.com.br\/en\/wp-json\/wp\/v2\/pages\/11960","targetHints":{"allow":["GET"]}}],"collection":[{"href":"https:\/\/cassianacastro.com.br\/en\/wp-json\/wp\/v2\/pages"}],"about":[{"href":"https:\/\/cassianacastro.com.br\/en\/wp-json\/wp\/v2\/types\/page"}],"author":[{"embeddable":true,"href":"https:\/\/cassianacastro.com.br\/en\/wp-json\/wp\/v2\/users\/3"}],"replies":[{"embeddable":true,"href":"https:\/\/cassianacastro.com.br\/en\/wp-json\/wp\/v2\/comments?post=11960"}],"version-history":[{"count":5,"href":"https:\/\/cassianacastro.com.br\/en\/wp-json\/wp\/v2\/pages\/11960\/revisions"}],"predecessor-version":[{"id":12473,"href":"https:\/\/cassianacastro.com.br\/en\/wp-json\/wp\/v2\/pages\/11960\/revisions\/12473"}],"wp:attachment":[{"href":"https:\/\/cassianacastro.com.br\/en\/wp-json\/wp\/v2\/media?parent=11960"}],"curies":[{"name":"wp","href":"https:\/\/api.w.org\/{rel}","templated":true}]}}